{"id":37673,"date":"2024-08-28T10:01:50","date_gmt":"2024-08-28T10:01:50","guid":{"rendered":"https:\/\/bashitihardware.com\/product\/%d8%b7%d9%82%d9%85-%d8%b9%d9%84%d8%a8-%d8%a8%d9%84%d8%a7%d8%b3%d8%aa%d9%8a%d9%83-%d8%b4%d9%81%d8%a7%d9%81-3%d9%82%d8%b7%d8%b9-%d9%85%d9%86-%d8%ac%d8%a7%d8%af%d8%a7%d9%8a%d9%81%d8%b1-jdtb8343\/"},"modified":"2025-08-09T19:02:44","modified_gmt":"2025-08-09T19:02:44","slug":"%d8%b7%d9%82%d9%85-%d8%b9%d9%84%d8%a8-%d8%a8%d9%84%d8%a7%d8%b3%d8%aa%d9%8a%d9%83-%d8%b4%d9%81%d8%a7%d9%81-3%d9%82%d8%b7%d8%b9-%d9%85%d9%86-%d8%ac%d8%a7%d8%af%d8%a7%d9%8a%d9%81%d8%b1-jdtb8343","status":"publish","type":"product","link":"https:\/\/bashitihardware.com\/ar\/product\/%d8%b7%d9%82%d9%85-%d8%b9%d9%84%d8%a8-%d8%a8%d9%84%d8%a7%d8%b3%d8%aa%d9%8a%d9%83-%d8%b4%d9%81%d8%a7%d9%81-3%d9%82%d8%b7%d8%b9-%d9%85%d9%86-%d8%ac%d8%a7%d8%af%d8%a7%d9%8a%d9%81%d8%b1-jdtb8343\/","title":{"rendered":"\u0637\u0642\u0645 \u0639\u0644\u0628 \u0628\u0644\u0627\u0633\u062a\u064a\u0643 \u0634\u0641\u0627\u0641 3\u0642\u0637\u0639 \u0645\u0646 \u062c\u0627\u062f\u0627\u064a\u0641\u0631 (JDTB8343)"},"content":{"rendered":"<ul>\n<li>\n<h4>\u0627\u0644\u062e\u0627\u0645\u0629: \u0628\u0644\u0627\u0633\u062a\u064a\u0643 PP<\/h4>\n<\/li>\n<li>\n<h4>\u0627\u0644\u0644\u0648\u0646: \u0634\u0641\u0627\u0641<\/h4>\n<\/li>\n<li>\n<h4>\u062a\u0634\u0645\u0644:<\/h4>\n<\/li>\n<\/ul>\n<h4>2 \u0642\u0637\u0639\u0629 \u0645\u0646\u0638\u0645 \u0634\u0641\u0627\u0641- S (JDTB8341) \u0627\u0644\u062d\u062c\u0645: 180 \u00d7 165 \u00d7 165 \u00d7 50 \u0645\u0645<\/h4>\n<h4>1 \u0642\u0637\u0639\u0629 \u0645\u0646\u0638\u0645 \u0634\u0641\u0627\u0641- L (JDTB8342) \u0627\u0644\u062d\u062c\u0645: 320 \u00d7 180 \u00d7 50 \u0645\u0645<\/h4>\n<ul>\n<li>\n<h4>\u0645\u0639\u0628\u0623\u0629 \u062d\u0633\u0628 \u0627\u0644\u0645\u0644\u0635\u0642<\/h4>\n<\/li>\n<\/ul>\n","protected":false},"excerpt":{"rendered":"<p>\u0627\u0644\u062e\u0627\u0645\u0629: \u0628\u0644\u0627\u0633\u062a\u064a\u0643 PP \u0627\u0644\u0644\u0648\u0646: \u0634\u0641\u0627\u0641 \u062a\u0634\u0645\u0644: 2 \u0642\u0637\u0639\u0629 \u0645\u0646\u0638\u0645 \u0634\u0641\u0627\u0641- S (JDTB8341) \u0627\u0644\u062d\u062c\u0645: 180 \u00d7 165 \u00d7 165 \u00d7 50<\/p>\n","protected":false},"featured_media":37610,"template":"","meta":[],"product_brand":[],"product_cat":[199,305],"product_tag":[],"class_list":{"0":"post-37673","1":"product","2":"type-product","3":"status-publish","4":"has-post-thumbnail","6":"product_cat-199","7":"product_cat-tool-boxes-ar","8":"pa_module-number-jdtb8343-ar","10":"first","11":"instock","12":"shipping-taxable","13":"purchasable","14":"product-type-simple"},"_links":{"self":[{"href":"https:\/\/bashitihardware.com\/ar\/wp-json\/wp\/v2\/product\/37673","targetHints":{"allow":["GET"]}}],"collection":[{"href":"https:\/\/bashitihardware.com\/ar\/wp-json\/wp\/v2\/product"}],"about":[{"href":"https:\/\/bashitihardware.com\/ar\/wp-json\/wp\/v2\/types\/product"}],"version-history":[{"count":0,"href":"https:\/\/bashitihardware.com\/ar\/wp-json\/wp\/v2\/product\/37673\/revisions"}],"wp:featuredmedia":[{"embeddable":true,"href":"https:\/\/bashitihardware.com\/ar\/wp-json\/wp\/v2\/media\/37610"}],"wp:attachment":[{"href":"https:\/\/bashitihardware.com\/ar\/wp-json\/wp\/v2\/media?parent=37673"}],"wp:term":[{"taxonomy":"product_brand","embeddable":true,"href":"https:\/\/bashitihardware.com\/ar\/wp-json\/wp\/v2\/product_brand?post=37673"},{"taxonomy":"product_cat","embeddable":true,"href":"https:\/\/bashitihardware.com\/ar\/wp-json\/wp\/v2\/product_cat?post=37673"},{"taxonomy":"product_tag","embeddable":true,"href":"https:\/\/bashitihardware.com\/ar\/wp-json\/wp\/v2\/product_tag?post=37673"}],"curies":[{"name":"wp","href":"https:\/\/api.w.org\/{rel}","templated":true}]}}