{"id":51190,"date":"2025-03-27T13:24:06","date_gmt":"2025-03-27T13:24:06","guid":{"rendered":"https:\/\/bashitihardware.com\/product\/%d8%b7%d9%82%d9%85-%d8%b5%d9%86%d8%af%d9%88%d9%82-%d8%a3%d8%af%d9%88%d8%a7%d8%aa-total-328-%d9%82%d8%b7%d8%b9%d8%a9-%d8%ae%d8%b2%d8%a7%d9%86%d8%a9-%d8%a3%d8%af%d9%88%d8%a7%d8%aa-%d8%a7%d8%ad%d8%aa\/"},"modified":"2025-03-27T13:41:38","modified_gmt":"2025-03-27T13:41:38","slug":"%d8%b7%d9%82%d9%85-%d8%a3%d8%af%d9%88%d8%a7%d8%aa-%d9%81%d9%8a-%d8%ae%d8%b2%d8%a7%d9%86%d8%a9-328-%d9%82%d8%b7%d8%b9%d8%a9-%d8%ae%d8%b2%d8%a7%d9%86%d8%a9-%d9%88%d8%b1%d8%b4%d8%a9-%d8%a7","status":"publish","type":"product","link":"https:\/\/bashitihardware.com\/ar\/product\/%d8%b7%d9%82%d9%85-%d8%a3%d8%af%d9%88%d8%a7%d8%aa-%d9%81%d9%8a-%d8%ae%d8%b2%d8%a7%d9%86%d8%a9-328-%d9%82%d8%b7%d8%b9%d8%a9-%d8%ae%d8%b2%d8%a7%d9%86%d8%a9-%d9%88%d8%b1%d8%b4%d8%a9-%d8%a7\/","title":{"rendered":"\u0637\u0642\u0645 \u0623\u062f\u0648\u0627\u062a \u0641\u064a \u062e\u0632\u0627\u0646\u0629 328 \u0642\u0637\u0639\u0629 \u2013 \u062e\u0632\u0627\u0646\u0629 \u0648\u0631\u0634\u0629 \u0627\u062d\u062a\u0631\u0627\u0641\u064a\u0629 \u0645\u062a\u062d\u0631\u0643\u0629 \u0628\u0623\u062f\u0631\u0627\u062c \u0648\u0623\u062f\u0648\u0627\u062a \u0645\u062a\u0643\u0627\u0645\u0644\u0629 \u0645\u0646 \u062a\u0648\u062a\u0627\u0644 (THPTCS73281)"},"content":{"rendered":"<article class=\"w-full text-token-text-primary\" dir=\"auto\" data-testid=\"conversation-turn-163\" data-scroll-anchor=\"true\">\n<div class=\"text-base my-auto mx-auto py-5 px-6\">\n<div class=\"mx-auto flex flex-1 text-base gap-4 md:gap-5 lg:gap-6 md:max-w-3xl lg:max-w-[40rem] xl:max-w-[48rem] group\/turn-messages focus-visible:outline-none\" tabindex=\"-1\">\n<div class=\"group\/conversation-turn relative flex w-full min-w-0 flex-col agent-turn @xs\/thread:px-0 @sm\/thread:px-1.5 @md\/thread:px-4\">\n<div class=\"relative flex-col gap-1 md:gap-3\">\n<div class=\"flex max-w-full flex-col flex-grow\">\n<div class=\"min-h-8 text-message relative flex w-full flex-col items-end gap-2 whitespace-normal break-words text-start [.text-message+&amp;]:mt-5\" dir=\"auto\" data-message-author-role=\"assistant\" data-message-id=\"9bb4bd9f-05ad-4630-ae0e-aa1f6776352c\" data-message-model-slug=\"gpt-4o\">\n<div class=\"flex w-full flex-col gap-1 empty:hidden first:pt-[3px]\">\n<div class=\"markdown prose w-full break-words dark:prose-invert dark\">\n<ul data-start=\"100\" data-end=\"383\">\n<li class=\"\" data-start=\"100\" data-end=\"181\">\n<h3 data-start=\"102\" data-end=\"181\">\u0637\u0642\u0645 \u0623\u062f\u0648\u0627\u062a \u0645\u062a\u0643\u0627\u0645\u0644 \u064a\u062d\u062a\u0648\u064a \u0639\u0644\u0649 328 \u0642\u0637\u0639\u0629 \u0645\u062e\u0635\u0635\u0629 \u0644\u0623\u0639\u0645\u0627\u0644 \u0627\u0644\u0645\u064a\u0643\u0627\u0646\u064a\u0643 \u0648\u0627\u0644\u0635\u064a\u0627\u0646\u0629 \u0648\u0627\u0644\u0643\u0647\u0631\u0628\u0627\u0621<\/h3>\n<\/li>\n<li class=\"\" data-start=\"182\" data-end=\"269\">\n<h3 data-start=\"184\" data-end=\"269\">\u0627\u0644\u0623\u062f\u0648\u0627\u062a \u0645\u0635\u0646\u0648\u0639\u0629 \u0645\u0646 \u0641\u0648\u0644\u0627\u0630 \u0643\u0631\u0648\u0645 \u0641\u0627\u0646\u0627\u062f\u064a\u0648\u0645 Cr-V (50BV30) \u0627\u0644\u0645\u0639\u0627\u0644\u062c \u062d\u0631\u0627\u0631\u064a\u064b\u0627 \u0648\u0627\u0644\u0645\u0637\u0644\u064a \u0628\u0627\u0644\u0643\u0631\u0648\u0645<\/h3>\n<\/li>\n<li class=\"\" data-start=\"270\" data-end=\"329\">\n<h3 data-start=\"272\" data-end=\"329\">\u062c\u0645\u064a\u0639 \u0627\u0644\u0623\u062f\u0648\u0627\u062a \u0645\u0631\u062a\u0628\u0629 \u062f\u0627\u062e\u0644 \u0641\u0648\u0645 EVA \u0644\u0633\u0647\u0648\u0644\u0629 \u0627\u0644\u062a\u0646\u0638\u064a\u0645 \u0648\u0627\u0644\u062d\u0645\u0627\u064a\u0629<\/h3>\n<\/li>\n<li class=\"\" data-start=\"330\" data-end=\"383\">\n<h3 data-start=\"332\" data-end=\"383\">\u0645\u063a\u0644\u0641\u0629 \u0628\u0643\u0631\u062a\u0648\u0646\u0629 \u0645\u0639 \u0645\u0646\u0635\u0629 \u062e\u0634\u0628\u064a\u0629 \u0644\u0633\u0647\u0648\u0644\u0629 \u0627\u0644\u0646\u0642\u0644 \u0648\u0627\u0644\u062a\u062e\u0632\u064a\u0646<\/h3>\n<\/li>\n<\/ul>\n<h3 data-start=\"385\" data-end=\"407\"><strong data-start=\"385\" data-end=\"405\">\u0645\u0648\u0627\u0635\u0641\u0627\u062a \u0627\u0644\u062e\u0632\u0627\u0646\u0629:<\/strong><\/h3>\n<ul data-start=\"408\" data-end=\"717\">\n<li class=\"\" data-start=\"408\" data-end=\"479\">\n<h4 data-start=\"410\" data-end=\"479\">7 \u0623\u062f\u0631\u0627\u062c: 5 \u0623\u062f\u0631\u0627\u062c \u0628\u0645\u0642\u0627\u0633 536\u00d7410\u00d774.5\u0645\u0645\u060c \u06482 \u062f\u0631\u062c \u0628\u0645\u0642\u0627\u0633 536\u00d7410\u00d7153.5\u0645\u0645<\/h4>\n<\/li>\n<li class=\"\" data-start=\"480\" data-end=\"511\">\n<h4 data-start=\"482\" data-end=\"511\">\u0645\u0642\u0627\u0633 \u0627\u0644\u062e\u0632\u0627\u0646\u0629: 765\u00d7465\u00d7812\u0645\u0645<\/h4>\n<\/li>\n<li class=\"\" data-start=\"512\" data-end=\"555\">\n<h4 data-start=\"514\" data-end=\"555\">\u0627\u0644\u0645\u0642\u0627\u0633 \u0627\u0644\u0643\u0627\u0645\u0644 \u0645\u0639 \u0627\u0644\u0639\u062c\u0644\u0627\u062a: 765\u00d7465\u00d7976\u0645\u0645<\/h4>\n<\/li>\n<li class=\"\" data-start=\"556\" data-end=\"580\">\n<h4 data-start=\"558\" data-end=\"580\">\u062d\u062c\u0645 \u0627\u0644\u0639\u062c\u0644\u0627\u062a: 5&#8243; \u00d7 2&#8243;<\/h4>\n<\/li>\n<li class=\"\" data-start=\"581\" data-end=\"614\">\n<h4 data-start=\"583\" data-end=\"614\">\u0633\u0645\u0627\u0643\u0629 \u0647\u064a\u0643\u0644 \u0627\u0644\u062e\u0632\u0627\u0646\u0629: 0.8\u20131.0\u0645\u0645<\/h4>\n<\/li>\n<li class=\"\" data-start=\"615\" data-end=\"639\">\n<h4 data-start=\"617\" data-end=\"639\">\u0633\u0645\u0627\u0643\u0629 \u0627\u0644\u0623\u062f\u0631\u0627\u062c: 0.7\u0645\u0645<\/h4>\n<\/li>\n<li class=\"\" data-start=\"640\" data-end=\"676\">\n<h4 data-start=\"642\" data-end=\"676\">\u0639\u062f\u062f 5 \u062e\u0637\u0627\u0637\u064a\u0641 \u062d\u062f\u064a\u062f \u0644\u062a\u0639\u0644\u064a\u0642 \u0627\u0644\u0623\u062f\u0648\u0627\u062a<\/h4>\n<\/li>\n<li class=\"\" data-start=\"677\" data-end=\"717\">\n<h4 data-start=\"679\" data-end=\"717\">\u0627\u0644\u062a\u063a\u0644\u064a\u0641: \u0641\u0648\u0645 EVA + \u0643\u0631\u062a\u0648\u0646\u0629 + \u0645\u0646\u0635\u0629 \u062e\u0634\u0628<\/h4>\n<\/li>\n<\/ul>\n<h3 data-start=\"719\" data-end=\"739\"><strong data-start=\"719\" data-end=\"737\">\u0645\u062d\u062a\u0648\u064a\u0627\u062a \u0627\u0644\u0637\u0642\u0645:<\/strong><\/h3>\n<h3 data-start=\"741\" data-end=\"766\"><strong data-start=\"741\" data-end=\"764\">\u0623\u062f\u0648\u0627\u062a \u0645\u0642\u0627\u0633 1\/4 \u0625\u0646\u0634:<\/strong><\/h3>\n<ul data-start=\"767\" data-end=\"1153\">\n<li class=\"\" data-start=\"767\" data-end=\"785\">\n<h4 data-start=\"769\" data-end=\"785\">1 \u0645\u0641\u062a\u0627\u062d \u0631\u0627\u062a\u0634\u064a\u062a<\/h4>\n<\/li>\n<li class=\"\" data-start=\"786\" data-end=\"810\">\n<h4 data-start=\"788\" data-end=\"810\">13 \u0628\u0648\u0643\u0633: 4 \u0625\u0644\u0649 14 \u0645\u0645<\/h4>\n<\/li>\n<li class=\"\" data-start=\"811\" data-end=\"878\">\n<h4 data-start=\"813\" data-end=\"878\">24 \u0628\u0648\u0643\u0633 \u0631\u0624\u0648\u0633 \u0628\u0631\u0627\u063a\u064a \u0628\u0637\u0648\u0644 32\u0645\u0645: \u0633\u062f\u0627\u0633\u064a\u0629\u060c \u0646\u062c\u0645\u0629\u060c \u0645\u0633\u0637\u062d\u0629\u060c \u0641\u064a\u0644\u064a\u0628\u0633\u060c \u0628\u0648\u0632\u064a<\/h4>\n<\/li>\n<li class=\"\" data-start=\"879\" data-end=\"916\">\n<h4 data-start=\"881\" data-end=\"916\">8 \u0628\u0648\u0643\u0633 \u0639\u0645\u064a\u0642 \u0628\u0637\u0648\u0644 50\u0645\u0645: 6 \u0625\u0644\u0649 13\u0645\u0645<\/h4>\n<\/li>\n<li class=\"\" data-start=\"917\" data-end=\"944\">\n<h4 data-start=\"919\" data-end=\"944\">6 \u0628\u0648\u0643\u0633 \u0646\u062c\u0645\u0629: E4 \u0625\u0644\u0649 E10<\/h4>\n<\/li>\n<li class=\"\" data-start=\"945\" data-end=\"974\">\n<h4 data-start=\"947\" data-end=\"974\">2 \u0630\u0631\u0627\u0639 \u062a\u0645\u062f\u064a\u062f: 50\u0645\u0645 \u0648100\u0645\u0645<\/h4>\n<\/li>\n<li class=\"\" data-start=\"975\" data-end=\"1005\">\n<h4 data-start=\"977\" data-end=\"1005\">1 \u0645\u0642\u0628\u0636 \u062f\u0648\u0627\u0631 (\u0633\u0628\u064a\u0646\u0631): 150\u0645\u0645<\/h4>\n<\/li>\n<li class=\"\" data-start=\"1006\" data-end=\"1027\">\n<h4 data-start=\"1008\" data-end=\"1027\">1 \u0630\u0631\u0627\u0639 \u0645\u0631\u0646: 150\u0645\u0645<\/h4>\n<\/li>\n<li class=\"\" data-start=\"1028\" data-end=\"1061\">\n<h4 data-start=\"1030\" data-end=\"1061\">1 \u0648\u0635\u0644\u0629 \u0645\u0631\u0646\u0629 (\u064a\u0648\u0646\u064a\u0641\u0631\u0633\u0627\u0644 \u062c\u0648\u064a\u0646\u062a)<\/h4>\n<\/li>\n<li class=\"\" data-start=\"1062\" data-end=\"1086\">\n<h4 data-start=\"1064\" data-end=\"1086\">1 T \u0628\u0627\u0631 \u0645\u0646\u0632\u0644\u0642: 114\u0645\u0645<\/h4>\n<\/li>\n<li class=\"\" data-start=\"1087\" data-end=\"1129\">\n<h4 data-start=\"1089\" data-end=\"1129\">1 \u0645\u062d\u0648\u0644 \u062b\u0644\u0627\u062b\u064a: 3\/8&#8243; (\u0623\u0646\u062b\u0649) \u00d7 1\/4&#8243; (\u0630\u0643\u0631)<\/h4>\n<\/li>\n<li class=\"\" data-start=\"1130\" data-end=\"1153\">\n<h4 data-start=\"1132\" data-end=\"1153\">1 \u062d\u0627\u0645\u0644 \u0631\u0624\u0648\u0633: 6.35\u0645\u0645<\/h4>\n<\/li>\n<\/ul>\n<h3 data-start=\"1155\" data-end=\"1183\"><strong data-start=\"1155\" data-end=\"1181\">\u0631\u0624\u0648\u0633 \u0628\u0631\u0627\u063a\u064a \u0648\u0625\u0643\u0633\u0633\u0648\u0627\u0631\u0627\u062a:<\/strong><\/h3>\n<ul data-start=\"1184\" data-end=\"1275\">\n<li class=\"\" data-start=\"1184\" data-end=\"1244\">\n<h4 data-start=\"1186\" data-end=\"1244\">40 \u0631\u0623\u0633 \u0628\u0631\u063a\u064a 6.35\u00d725\u0645\u0645: \u062a\u0648\u0631\u0643\u0633\u060c \u0641\u064a\u0644\u064a\u0628\u0633\u060c \u0628\u0648\u0632\u064a\u060c \u0645\u0633\u0637\u062d\u0629\u060c \u0633\u062f\u0627\u0633\u064a<\/h4>\n<\/li>\n<li class=\"\" data-start=\"1245\" data-end=\"1275\">\n<h4 data-start=\"1247\" data-end=\"1275\">1 \u062d\u0627\u0645\u0644 \u0645\u063a\u0646\u0627\u0637\u064a\u0633\u064a \u0628\u0637\u0648\u0644 100\u0645\u0645<\/h4>\n<\/li>\n<\/ul>\n<h3 data-start=\"1277\" data-end=\"1302\"><strong data-start=\"1277\" data-end=\"1300\">\u0623\u062f\u0648\u0627\u062a \u0645\u0642\u0627\u0633 1\/2 \u0625\u0646\u0634:<\/strong><\/h3>\n<ul data-start=\"1303\" data-end=\"1688\">\n<li class=\"\" data-start=\"1303\" data-end=\"1321\">\n<h4 data-start=\"1305\" data-end=\"1321\">1 \u0645\u0641\u062a\u0627\u062d \u0631\u0627\u062a\u0634\u064a\u062a<\/h4>\n<\/li>\n<li class=\"\" data-start=\"1322\" data-end=\"1348\">\n<h4 data-start=\"1324\" data-end=\"1348\">19 \u0628\u0648\u0643\u0633: \u0645\u0646 8 \u0625\u0644\u0649 32\u0645\u0645<\/h4>\n<\/li>\n<li class=\"\" data-start=\"1349\" data-end=\"1386\">\n<h4 data-start=\"1351\" data-end=\"1386\">4 \u0628\u0648\u0643\u0633\u0627\u062a \u0639\u0645\u064a\u0642\u0629 \u0628\u0637\u0648\u0644 77\u0645\u0645: 14\u201319\u0645\u0645<\/h4>\n<\/li>\n<li class=\"\" data-start=\"1387\" data-end=\"1415\">\n<h4 data-start=\"1389\" data-end=\"1415\">8 \u0628\u0648\u0643\u0633 \u0646\u062c\u0645\u0629: E10 \u0625\u0644\u0649 E24<\/h4>\n<\/li>\n<li class=\"\" data-start=\"1416\" data-end=\"1444\">\n<h4 data-start=\"1418\" data-end=\"1444\">2 \u0628\u0648\u0643\u0633 \u0628\u0648\u0627\u062c\u064a: 16\u0645\u0645\u060c 21\u0645\u0645<\/h4>\n<\/li>\n<li class=\"\" data-start=\"1445\" data-end=\"1469\">\n<h4 data-start=\"1447\" data-end=\"1469\">1 T \u0628\u0627\u0631 \u0645\u0646\u0632\u0644\u0642: 250\u0645\u0645<\/h4>\n<\/li>\n<li class=\"\" data-start=\"1470\" data-end=\"1500\">\n<h4 data-start=\"1472\" data-end=\"1500\">2 \u0630\u0631\u0627\u0639 \u062a\u0645\u062f\u064a\u062f: 100\u0645\u0645 \u0648250\u0645\u0645<\/h4>\n<\/li>\n<li class=\"\" data-start=\"1501\" data-end=\"1536\">\n<h4 data-start=\"1503\" data-end=\"1536\">3 \u0628\u0648\u0643\u0633 \u0631\u0624\u0648\u0633 \u0628\u0631\u063a\u064a: T55\u060c T60\u060c T70<\/h4>\n<\/li>\n<li class=\"\" data-start=\"1537\" data-end=\"1577\">\n<h4 data-start=\"1539\" data-end=\"1577\">1 \u0645\u062d\u0648\u0644 \u062b\u0644\u0627\u062b\u064a: 3\/8&#8243;(\u0623\u0646\u062b\u0649) \u00d7 1\/2&#8243;(\u0630\u0643\u0631)<\/h4>\n<\/li>\n<li class=\"\" data-start=\"1578\" data-end=\"1660\">\n<h4 data-start=\"1580\" data-end=\"1660\">32 \u0631\u0623\u0633 \u0628\u0631\u063a\u064a 8\u00d730\u0645\u0645: \u0641\u064a\u0644\u064a\u0628\u0633\u060c \u0628\u0648\u0632\u064a\u060c \u0633\u062f\u0627\u0633\u064a\u060c \u0645\u0633\u0637\u062d\u0629\u060c \u062a\u0648\u0631\u0643\u0633\u060c \u062a\u0648\u0631\u0643\u0633 \u0628\u062b\u0642\u0628\u060c \u0645\u0641\u0627\u062a\u064a\u062d \u062e\u0627\u0635\u0629<\/h4>\n<\/li>\n<li class=\"\" data-start=\"1661\" data-end=\"1688\">\n<h4 data-start=\"1663\" data-end=\"1688\">1 \u062d\u0627\u0645\u0644 \u0631\u0624\u0648\u0633: 1\/2&#8243; \u00d7 8\u0645\u0645<\/h4>\n<\/li>\n<\/ul>\n<h3 data-start=\"1690\" data-end=\"1715\"><strong data-start=\"1690\" data-end=\"1713\">\u0623\u062f\u0648\u0627\u062a \u0645\u0642\u0627\u0633 3\/8 \u0625\u0646\u0634:<\/strong><\/h3>\n<ul data-start=\"1716\" data-end=\"1910\">\n<li class=\"\" data-start=\"1716\" data-end=\"1746\">\n<h4 data-start=\"1718\" data-end=\"1746\">13 \u0628\u0648\u0643\u0633 \u0633\u062f\u0627\u0633\u064a: 10 \u0625\u0644\u0649 24\u0645\u0645<\/h4>\n<\/li>\n<li class=\"\" data-start=\"1747\" data-end=\"1775\">\n<h4 data-start=\"1749\" data-end=\"1775\">9 \u0628\u0648\u0643\u0633 \u0639\u0645\u064a\u0642: 10 \u0625\u0644\u0649 19\u0645\u0645<\/h4>\n<\/li>\n<li class=\"\" data-start=\"1776\" data-end=\"1804\">\n<h4 data-start=\"1778\" data-end=\"1804\">7 \u0628\u0648\u0643\u0633 \u0646\u062c\u0645\u0629: E10 \u0625\u0644\u0649 E20<\/h4>\n<\/li>\n<li class=\"\" data-start=\"1805\" data-end=\"1823\">\n<h4 data-start=\"1807\" data-end=\"1823\">1 \u0645\u0641\u062a\u0627\u062d \u0631\u0627\u062a\u0634\u064a\u062a<\/h4>\n<\/li>\n<li class=\"\" data-start=\"1824\" data-end=\"1853\">\n<h4 data-start=\"1826\" data-end=\"1853\">2 \u0630\u0631\u0627\u0639 \u062a\u0645\u062f\u064a\u062f: 75\u0645\u0645 \u0648150\u0645\u0645<\/h4>\n<\/li>\n<li class=\"\" data-start=\"1854\" data-end=\"1869\">\n<h4 data-start=\"1856\" data-end=\"1869\">1 \u0648\u0635\u0644\u0629 \u0645\u0631\u0646\u0629<\/h4>\n<\/li>\n<li class=\"\" data-start=\"1870\" data-end=\"1910\">\n<h4 data-start=\"1872\" data-end=\"1910\">1 \u0645\u062d\u0648\u0644 \u062b\u0644\u0627\u062b\u064a: 3\/8&#8243;(\u0623\u0646\u062b\u0649) \u00d7 3\/8&#8243;(\u0630\u0643\u0631)<\/h4>\n<\/li>\n<\/ul>\n<h3 data-start=\"1912\" data-end=\"1934\"><strong data-start=\"1912\" data-end=\"1932\">\u0645\u0641\u0643\u0627\u062a (14 \u0642\u0637\u0639\u0629):<\/strong><\/h3>\n<ul data-start=\"1935\" data-end=\"2055\">\n<li class=\"\" data-start=\"1935\" data-end=\"1999\">\n<h4 data-start=\"1937\" data-end=\"1999\">\u0645\u0633\u0637\u062d\u0629: SL3\u00d775, SL4\u00d7100, SL5.5\u00d7100, SL6.5\u00d738\/125\/150, SL8\u00d7200<\/h4>\n<\/li>\n<li class=\"\" data-start=\"2000\" data-end=\"2055\">\n<h4 data-start=\"2002\" data-end=\"2055\">\u0641\u064a\u0644\u064a\u0628\u0633: PH0\u00d775, PH1\u00d775\/100, PH2\u00d738\/125\/150, PH3\u00d7200<\/h4>\n<\/li>\n<\/ul>\n<h3 data-start=\"2057\" data-end=\"2094\"><strong data-start=\"2057\" data-end=\"2092\">\u0645\u0641\u0627\u062a\u064a\u062d T-Handle \u0633\u062f\u0627\u0633\u064a\u0629 (8 \u0642\u0637\u0639):<\/strong><\/h3>\n<ul data-start=\"2095\" data-end=\"2170\">\n<li class=\"\" data-start=\"2095\" data-end=\"2170\">\n<h4 data-start=\"2097\" data-end=\"2170\">2\u00d775\u0645\u0645\u060c 2.5\u00d775\u0645\u0645\u060c 3\u00d7100\u0645\u0645\u060c 4\u00d7100\u0645\u0645\u060c 5\u00d7150\u0645\u0645\u060c 6\u00d7150\u0645\u0645\u060c 8\u00d7200\u0645\u0645\u060c 10\u00d7200\u0645\u0645<\/h4>\n<\/li>\n<\/ul>\n<h3 data-start=\"2172\" data-end=\"2208\"><strong data-start=\"2172\" data-end=\"2206\">\u0645\u0641\u0627\u062a\u064a\u062d T-Handle \u062a\u0648\u0631\u0643\u0633 (8 \u0642\u0637\u0639):<\/strong><\/h3>\n<ul data-start=\"2209\" data-end=\"2297\">\n<li class=\"\" data-start=\"2209\" data-end=\"2297\">\n<h4 data-start=\"2211\" data-end=\"2297\">T10\u00d775\u0645\u0645\u060c T15\u00d775\u0645\u0645\u060c T20\u00d7100\u0645\u0645\u060c T25\u00d7100\u0645\u0645\u060c T30\u00d7150\u0645\u0645\u060c T40\u00d7150\u0645\u0645\u060c T45\u00d7200\u0645\u0645\u060c T50\u00d7200\u0645\u0645<\/h4>\n<\/li>\n<\/ul>\n<h3 data-start=\"2299\" data-end=\"2316\"><strong data-start=\"2299\" data-end=\"2314\">\u0645\u0641\u0627\u062a\u064a\u062d \u0631\u0628\u0637:<\/strong><\/h3>\n<ul data-start=\"2317\" data-end=\"2566\">\n<li class=\"\" data-start=\"2317\" data-end=\"2347\">\n<h4 data-start=\"2319\" data-end=\"2347\">17 \u0645\u0641\u062a\u0627\u062d \u0645\u0634\u062a\u0631\u0643: 6 \u0625\u0644\u0649 24\u0645\u0645<\/h4>\n<\/li>\n<li class=\"\" data-start=\"2348\" data-end=\"2399\">\n<h4 data-start=\"2350\" data-end=\"2399\">5 \u0645\u0641\u0627\u062a\u064a\u062d \u0641\u0644\u064a\u0631: 8\u00d710\u060c 10\u00d712\u060c 11\u00d713\u060c 12\u00d714\u060c 17\u00d719<\/h4>\n<\/li>\n<li class=\"\" data-start=\"2400\" data-end=\"2462\">\n<h4 data-start=\"2402\" data-end=\"2462\">5 \u0645\u0641\u0627\u062a\u064a\u062d \u0628\u0648\u062c\u064a \u0642\u0627\u0628\u0644\u0629 \u0644\u0644\u062b\u0646\u064a: 8\u00d79\u060c 10\u00d711\u060c 12\u00d713\u060c 14\u00d715\u060c 17\u00d719<\/h4>\n<\/li>\n<li class=\"\" data-start=\"2463\" data-end=\"2566\">\n<h4 data-start=\"2465\" data-end=\"2566\">12 \u0645\u0641\u062a\u0627\u062d \u0631\u064a\u0646\u062c \u0645\u062a\u062f\u0631\u062c: 6\u00d77\u060c 8\u00d79\u060c 10\u00d711\u060c 12\u00d713\u060c 14\u00d715\u060c 16\u00d717\u060c 18\u00d719\u060c 20\u00d722\u060c 21\u00d723\u060c 24\u00d727\u060c 25\u00d728\u060c 30\u00d732<\/h4>\n<\/li>\n<\/ul>\n<h3 data-start=\"2568\" data-end=\"2594\"><strong data-start=\"2568\" data-end=\"2592\">\u0645\u0641\u0627\u062a\u064a\u062d \u0623\u0644\u064a\u0646 (9 \u0642\u0637\u0639):<\/strong><\/h3>\n<ul data-start=\"2595\" data-end=\"2621\">\n<li class=\"\" data-start=\"2595\" data-end=\"2621\">\n<h4 data-start=\"2597\" data-end=\"2621\">\u0627\u0644\u0645\u0642\u0627\u0633\u0627\u062a: 1.5 \u0625\u0644\u0649 10\u0645\u0645<\/h4>\n<\/li>\n<\/ul>\n<h3 data-start=\"2623\" data-end=\"2650\"><strong data-start=\"2623\" data-end=\"2648\">\u0645\u0641\u0627\u062a\u064a\u062d \u062a\u0648\u0631\u0643\u0633 (9 \u0642\u0637\u0639):<\/strong><\/h3>\n<ul data-start=\"2651\" data-end=\"2666\">\n<li class=\"\" data-start=\"2651\" data-end=\"2666\">\n<h4 data-start=\"2653\" data-end=\"2666\">T10 \u0625\u0644\u0649 T50<\/h4>\n<\/li>\n<\/ul>\n<h3 data-start=\"2668\" data-end=\"2689\"><strong data-start=\"2668\" data-end=\"2687\">\u0643\u0645\u0627\u0634\u0627\u062a \u0648\u0645\u0641\u0627\u062a\u064a\u062d:<\/strong><\/h3>\n<ul data-start=\"2690\" data-end=\"2927\">\n<li class=\"\" data-start=\"2690\" data-end=\"2710\">\n<h4 data-start=\"2692\" data-end=\"2710\">\u0643\u0645\u0627\u0634\u0629 \u0642\u0641\u0644 10 \u0625\u0646\u0634<\/h4>\n<\/li>\n<li class=\"\" data-start=\"2711\" data-end=\"2737\">\n<h4 data-start=\"2713\" data-end=\"2737\">\u0643\u0645\u0627\u0634\u0629 \u0645\u0636\u062e\u0629 \u0645\u064a\u0627\u0647 10 \u0625\u0646\u0634<\/h4>\n<\/li>\n<li class=\"\" data-start=\"2738\" data-end=\"2774\">\n<h4 data-start=\"2740\" data-end=\"2774\">\u0643\u0645\u0627\u0634\u0629 \u0623\u0646\u0641 \u0637\u0648\u064a\u0644 \u0639\u0627\u0644\u064a\u0629 \u0627\u0644\u0642\u0648\u0629 8 \u0625\u0646\u0634<\/h4>\n<\/li>\n<li class=\"\" data-start=\"2775\" data-end=\"2812\">\n<h4 data-start=\"2777\" data-end=\"2812\">\u0643\u0645\u0627\u0634\u0629 \u0623\u0646\u0641 \u0645\u0646\u062d\u0646\u064a \u0639\u0627\u0644\u064a\u0629 \u0627\u0644\u0642\u0648\u0629 8 \u0625\u0646\u0634<\/h4>\n<\/li>\n<li class=\"\" data-start=\"2813\" data-end=\"2844\">\n<h4 data-start=\"2815\" data-end=\"2844\">\u0643\u0645\u0627\u0634\u0629 \u062e\u0644\u0639 \u0639\u0627\u0644\u064a\u0629 \u0627\u0644\u0642\u0648\u0629 8 \u0625\u0646\u0634<\/h4>\n<\/li>\n<li class=\"\" data-start=\"2845\" data-end=\"2881\">\n<h4 data-start=\"2847\" data-end=\"2881\">\u0643\u0645\u0627\u0634\u0629 \u0642\u0637\u0639 \u0645\u0627\u0626\u0644 \u0639\u0627\u0644\u064a\u0629 \u0627\u0644\u0642\u0648\u0629 7 \u0625\u0646\u0634<\/h4>\n<\/li>\n<li class=\"\" data-start=\"2882\" data-end=\"2902\">\n<h4 data-start=\"2884\" data-end=\"2902\">4 \u0643\u0645\u0627\u0634\u0627\u062a \u0633\u064a\u0631\u0643\u0644\u064a\u0628<\/h4>\n<\/li>\n<li class=\"\" data-start=\"2903\" data-end=\"2927\">\n<h4 data-start=\"2905\" data-end=\"2927\">\u0645\u0641\u062a\u0627\u062d \u0625\u0646\u062c\u0644\u064a\u0632\u064a 10 \u0625\u0646\u0634<\/h4>\n<\/li>\n<\/ul>\n<h3 data-start=\"2929\" data-end=\"2952\"><strong data-start=\"2929\" data-end=\"2950\">\u0645\u0637\u0627\u0631\u0642 \u0648\u0623\u062f\u0648\u0627\u062a \u0642\u0637\u0639:<\/strong><\/h3>\n<ul data-start=\"2953\" data-end=\"3021\">\n<li class=\"\" data-start=\"2953\" data-end=\"2985\">\n<h4 data-start=\"2955\" data-end=\"2985\">\u0645\u0637\u0631\u0642\u0629 \u0645\u0637\u0627\u0637\u064a\u0629 \u0648\u0628\u0644\u0627\u0633\u062a\u064a\u0643\u064a\u0629 40\u0645\u0645<\/h4>\n<\/li>\n<li class=\"\" data-start=\"2986\" data-end=\"3006\">\n<h4 data-start=\"2988\" data-end=\"3006\">\u0645\u0637\u0631\u0642\u0629 \u062d\u062f\u0627\u062f 300\u063a\u0645<\/h4>\n<\/li>\n<li class=\"\" data-start=\"3007\" data-end=\"3021\">\n<h4 data-start=\"3009\" data-end=\"3021\">\u0645\u0646\u0634\u0627\u0631 \u064a\u062f\u0648\u064a<\/h4>\n<\/li>\n<\/ul>\n<h3 data-start=\"3023\" data-end=\"3044\"><strong data-start=\"3023\" data-end=\"3042\">\u0625\u0632\u0645\u064a\u0644\u0627\u062a \u0648\u0633\u0646\u0628\u0627\u062a:<\/strong><\/h3>\n<ul data-start=\"3045\" data-end=\"3186\">\n<li class=\"\" data-start=\"3045\" data-end=\"3086\">\n<h4 data-start=\"3047\" data-end=\"3086\">3 \u0625\u0632\u0645\u064a\u0644: 10\u00d7142\u0645\u0645\u060c 13\u00d7152\u0645\u0645\u060c 16\u00d7172\u0645\u0645<\/h4>\n<\/li>\n<li class=\"\" data-start=\"3087\" data-end=\"3126\">\n<h4 data-start=\"3089\" data-end=\"3126\">6 \u0633\u0646\u0628\u0627\u062a \u0645\u0633\u062a\u0642\u064a\u0645\u0629: 1.5\u20138\u0645\u0645 \u0628\u0637\u0648\u0644 152\u0645\u0645<\/h4>\n<\/li>\n<li class=\"\" data-start=\"3127\" data-end=\"3152\">\n<h4 data-start=\"3129\" data-end=\"3152\">1 \u0633\u0646\u0628\u0629 \u0645\u062f\u0628\u0628\u0629: 2\u00d7140\u0645\u0645<\/h4>\n<\/li>\n<li class=\"\" data-start=\"3153\" data-end=\"3186\">\n<h4 data-start=\"3155\" data-end=\"3186\">2 \u0633\u0646\u0628\u0629 \u0633\u0646\u062a\u0631: 6\u00d7102\u0645\u0645\u060c 8\u00d7115\u0645\u0645<\/h4>\n<\/li>\n<\/ul>\n<h3 data-start=\"3188\" data-end=\"3208\"><strong data-start=\"3188\" data-end=\"3206\">\u0645\u0628\u0627\u0631\u062f (5 \u0642\u0637\u0639):<\/strong><\/h3>\n<ul data-start=\"3209\" data-end=\"3284\">\n<li class=\"\" data-start=\"3209\" data-end=\"3222\">\n<h4 data-start=\"3211\" data-end=\"3222\">\u0645\u0628\u0631\u062f \u0645\u0633\u0637\u062d<\/h4>\n<\/li>\n<li class=\"\" data-start=\"3223\" data-end=\"3241\">\n<h4 data-start=\"3225\" data-end=\"3241\">\u0645\u0628\u0631\u062f \u0646\u0635\u0641 \u062f\u0627\u0626\u0631\u064a<\/h4>\n<\/li>\n<li class=\"\" data-start=\"3242\" data-end=\"3256\">\n<h4 data-start=\"3244\" data-end=\"3256\">\u0645\u0628\u0631\u062f \u062f\u0627\u0626\u0631\u064a<\/h4>\n<\/li>\n<li class=\"\" data-start=\"3257\" data-end=\"3270\">\n<h4 data-start=\"3259\" data-end=\"3270\">\u0645\u0628\u0631\u062f \u0645\u062b\u0644\u062b<\/h4>\n<\/li>\n<li class=\"\" data-start=\"3271\" data-end=\"3284\">\n<h4 data-start=\"3273\" data-end=\"3284\">\u0645\u0628\u0631\u062f \u0645\u0631\u0628\u0639<\/h4>\n<\/li>\n<\/ul>\n<h3 data-start=\"3286\" data-end=\"3301\"><strong data-start=\"3286\" data-end=\"3299\">\u0645\u062b\u0627\u0644\u064a \u0644\u0640:<\/strong><\/h3>\n<ul data-start=\"3302\" data-end=\"3418\" data-is-last-node=\"\" data-is-only-node=\"\">\n<li class=\"\" data-start=\"3302\" data-end=\"3369\">\n<h4 data-start=\"3304\" data-end=\"3369\">\u0648\u0631\u0634 \u0627\u0644\u0639\u0645\u0644\u060c \u0635\u064a\u0627\u0646\u0629 \u0627\u0644\u0633\u064a\u0627\u0631\u0627\u062a\u060c \u0627\u0644\u0627\u0633\u062a\u062e\u062f\u0627\u0645 \u0627\u0644\u0635\u0646\u0627\u0639\u064a\u060c \u0627\u0644\u0645\u0647\u0646\u064a\u064a\u0646 \u0648\u0627\u0644\u0641\u0646\u064a\u064a\u0646<\/h4>\n<\/li>\n<li class=\"\" data-start=\"3370\" data-end=\"3418\">\n<h4 data-start=\"3372\" data-end=\"3418\">\u062d\u0644 \u0645\u062a\u0643\u0627\u0645\u0644 \u0644\u0623\u062f\u0648\u0627\u062a\u0643 \u0641\u064a \u062e\u0632\u0627\u0646\u0629 \u0648\u0627\u062d\u062f\u0629 \u0645\u0646\u0633\u0642\u0629 \u0648\u0645\u062a\u0646\u0642\u0644\u0629<\/h4>\n<\/li>\n<\/ul>\n<\/div>\n<\/div>\n<\/div>\n<\/div>\n<\/div>\n<\/div>\n<\/div>\n<\/div>\n<\/article>\n","protected":false},"excerpt":{"rendered":"<p>\u0637\u0642\u0645 \u0623\u062f\u0648\u0627\u062a \u0645\u062a\u0643\u0627\u0645\u0644 \u064a\u062d\u062a\u0648\u064a \u0639\u0644\u0649 328 \u0642\u0637\u0639\u0629 \u0645\u062e\u0635\u0635\u0629 \u0644\u0623\u0639\u0645\u0627\u0644 \u0627\u0644\u0645\u064a\u0643\u0627\u0646\u064a\u0643 \u0648\u0627\u0644\u0635\u064a\u0627\u0646\u0629 \u0648\u0627\u0644\u0643\u0647\u0631\u0628\u0627\u0621 \u0627\u0644\u0623\u062f\u0648\u0627\u062a \u0645\u0635\u0646\u0648\u0639\u0629 \u0645\u0646 \u0641\u0648\u0644\u0627\u0630 \u0643\u0631\u0648\u0645 \u0641\u0627\u0646\u0627\u062f\u064a\u0648\u0645 Cr-V (50BV30)<\/p>\n","protected":false},"featured_media":51188,"template":"","meta":[],"product_brand":[],"product_cat":[199,223,212,215],"product_tag":[],"class_list":{"0":"post-51190","1":"product","2":"type-product","3":"status-publish","4":"has-post-thumbnail","6":"product_cat-199","7":"product_cat-combination-tools-ar","8":"product_cat-hand-tools-ar","9":"product_cat-assorted-ar","10":"pa_module-number-thptcs73281-ar","12":"first","13":"instock","14":"shipping-taxable","15":"purchasable","16":"product-type-simple"},"_links":{"self":[{"href":"https:\/\/bashitihardware.com\/ar\/wp-json\/wp\/v2\/product\/51190","targetHints":{"allow":["GET"]}}],"collection":[{"href":"https:\/\/bashitihardware.com\/ar\/wp-json\/wp\/v2\/product"}],"about":[{"href":"https:\/\/bashitihardware.com\/ar\/wp-json\/wp\/v2\/types\/product"}],"version-history":[{"count":0,"href":"https:\/\/bashitihardware.com\/ar\/wp-json\/wp\/v2\/product\/51190\/revisions"}],"wp:featuredmedia":[{"embeddable":true,"href":"https:\/\/bashitihardware.com\/ar\/wp-json\/wp\/v2\/media\/51188"}],"wp:attachment":[{"href":"https:\/\/bashitihardware.com\/ar\/wp-json\/wp\/v2\/media?parent=51190"}],"wp:term":[{"taxonomy":"product_brand","embeddable":true,"href":"https:\/\/bashitihardware.com\/ar\/wp-json\/wp\/v2\/product_brand?post=51190"},{"taxonomy":"product_cat","embeddable":true,"href":"https:\/\/bashitihardware.com\/ar\/wp-json\/wp\/v2\/product_cat?post=51190"},{"taxonomy":"product_tag","embeddable":true,"href":"https:\/\/bashitihardware.com\/ar\/wp-json\/wp\/v2\/product_tag?post=51190"}],"curies":[{"name":"wp","href":"https:\/\/api.w.org\/{rel}","templated":true}]}}