{"id":58834,"date":"2025-11-19T13:51:58","date_gmt":"2025-11-19T13:51:58","guid":{"rendered":"https:\/\/bashitihardware.com\/product\/jadever-cash-box-5-compartment-tray-25x18x9cm-0-7mm-steel-4-1l-capacity-includes-keys-jdqqx2h04\/"},"modified":"2025-11-19T14:26:30","modified_gmt":"2025-11-19T14:26:30","slug":"%d8%b5%d9%86%d8%af%d9%88%d9%82-%d9%83%d8%a7%d8%b4-5-%d8%ae%d8%a7%d9%86%d8%a7%d8%aa%d8%8c-%d9%85%d9%82%d8%a7%d8%b3-25x18x9%d8%b3%d9%85%d8%8c-%d8%b5%d9%81%d9%8a%d8%ad-0-7%d9%85%d9%85","status":"publish","type":"product","link":"https:\/\/bashitihardware.com\/ar\/product\/%d8%b5%d9%86%d8%af%d9%88%d9%82-%d9%83%d8%a7%d8%b4-5-%d8%ae%d8%a7%d9%86%d8%a7%d8%aa%d8%8c-%d9%85%d9%82%d8%a7%d8%b3-25x18x9%d8%b3%d9%85%d8%8c-%d8%b5%d9%81%d9%8a%d8%ad-0-7%d9%85%d9%85\/","title":{"rendered":"\u0635\u0646\u062f\u0648\u0642 \u0643\u0627\u0634 \u2013 5 \u062e\u0627\u0646\u0627\u062a\u060c \u0645\u0642\u0627\u0633 25\u00d718\u00d79\u0633\u0645\u060c \u0635\u0641\u064a\u062d 0.7\u0645\u0645\u060c \u0633\u0639\u0629 4.1\u0644\u062a\u0631\u060c \u0645\u0639 \u0645\u0641\u0627\u062a\u064a\u062d \u0645\u0646 \u062c\u0627\u062f\u0627\u064a\u0641\u0631 (JDQQX2H04)"},"content":{"rendered":"<h3 style=\"text-align: right;\" data-start=\"1046\" data-end=\"1325\">\u064a\u062a\u0645\u064a\u0632 <strong data-start=\"1074\" data-end=\"1089\">\u0635\u0646\u062f\u0648\u0642 \u0643\u0627\u0634<\/strong> \u0628\u062a\u0635\u0645\u064a\u0645 \u0645\u062a\u064a\u0646 \u0648\u0622\u0645\u0646 \u0644\u062d\u0641\u0638 \u0627\u0644\u0646\u0642\u0648\u062f \u0648\u0627\u0644\u0639\u0645\u0644\u0627\u062a \u0648\u0627\u0644\u0634\u064a\u0643\u0627\u062a \u0648\u0627\u0644\u0623\u063a\u0631\u0627\u0636 \u0627\u0644\u0635\u063a\u064a\u0631\u0629 \u0627\u0644\u0642\u064a\u0651\u0645\u0629. \u0645\u0635\u0646\u0648\u0639 \u0645\u0646 \u0635\u0641\u064a\u062d \u0645\u0645\u062a\u062f \u0628\u0633\u0645\u0627\u0643\u0629 0.7\u0645\u0645\u060c \u0648\u064a\u062d\u062a\u0648\u064a \u0639\u0644\u0649 5 \u062e\u0627\u0646\u0627\u062a \u062f\u0627\u062e\u0644\u064a\u0629 \u0644\u062a\u0646\u0638\u064a\u0645 \u0627\u0644\u0645\u062d\u062a\u0648\u064a\u0627\u062a \u0628\u0633\u0647\u0648\u0644\u0629\u060c \u0645\u0639 \u0642\u0641\u0644 \u0645\u0641\u062a\u0627\u062d \u0644\u0636\u0645\u0627\u0646 \u0627\u0644\u0623\u0645\u0627\u0646 \u0627\u0644\u0643\u0627\u0645\u0644. \u0645\u0646\u0627\u0633\u0628 \u0644\u0644\u0645\u062d\u0644\u0627\u062a \u0648\u0627\u0644\u0645\u0643\u0627\u062a\u0628 \u0648\u0627\u0644\u0627\u0633\u062a\u062e\u062f\u0627\u0645 \u0627\u0644\u0645\u0646\u0632\u0644\u064a.<\/h3>\n<ul data-start=\"1327\" data-end=\"1630\">\n<li style=\"text-align: right;\" data-start=\"1327\" data-end=\"1370\">\n<h4 style=\"direction: rtl;\" data-start=\"1329\" data-end=\"1370\">5 \u062e\u0627\u0646\u0627\u062a \u0644\u062a\u0631\u062a\u064a\u0628 \u0627\u0644\u0646\u0642\u0648\u062f \u0648\u0627\u0644\u0639\u0645\u0644\u0627\u062a \u0648\u0627\u0644\u0634\u064a\u0643\u0627\u062a<\/h4>\n<\/li>\n<li style=\"text-align: right;\" data-start=\"1371\" data-end=\"1445\">\n<h4 style=\"direction: rtl;\" data-start=\"1373\" data-end=\"1445\">\u0627\u0644\u0623\u0628\u0639\u0627\u062f \u0627\u0644\u062e\u0627\u0631\u062c\u064a\u0629 (\u0627\u0631\u062a\u0641\u0627\u0639 \u00d7 \u0639\u0631\u0636 \u00d7 \u0639\u0645\u0642): 10&#8243; \u00d7 7&#8243; \u00d7 3.5&#8243; (25 \u00d7 18 \u00d7 9\u0633\u0645)<\/h4>\n<\/li>\n<li style=\"text-align: right;\" data-start=\"1446\" data-end=\"1479\">\n<h4 style=\"direction: rtl;\" data-start=\"1448\" data-end=\"1479\">\u0627\u0644\u0645\u0627\u062f\u0629: \u0635\u0641\u064a\u062d \u0645\u0645\u062a\u062f \u0633\u0645\u0627\u0643\u0629 0.7\u0645\u0645<\/h4>\n<\/li>\n<li style=\"text-align: right;\" data-start=\"1480\" data-end=\"1497\">\n<h4 style=\"direction: rtl;\" data-start=\"1482\" data-end=\"1497\">\u0627\u0644\u0633\u0639\u0629: 4.1\u0644\u062a\u0631<\/h4>\n<\/li>\n<li style=\"text-align: right;\" data-start=\"1498\" data-end=\"1521\">\n<h4 style=\"direction: rtl;\" data-start=\"1500\" data-end=\"1521\">\u0627\u0644\u0648\u0632\u0646 \u0627\u0644\u0635\u0627\u0641\u064a: 1.1\u0643\u063a<\/h4>\n<\/li>\n<li style=\"text-align: right;\" data-start=\"1522\" data-end=\"1560\">\n<h4 style=\"direction: rtl;\" data-start=\"1524\" data-end=\"1560\">\u0642\u0641\u0644 \u0645\u0641\u062a\u0627\u062d \u0644\u062d\u0645\u0627\u064a\u0629 \u0627\u0644\u0646\u0642\u0648\u062f \u0648\u0627\u0644\u0645\u0645\u062a\u0644\u0643\u0627\u062a<\/h4>\n<\/li>\n<li style=\"text-align: right;\" data-start=\"1561\" data-end=\"1608\">\n<h4 style=\"direction: rtl;\" data-start=\"1563\" data-end=\"1575\">\u064a\u062d\u062a\u0648\u064a \u0639\u0644\u0649:<\/h4>\n<ul data-start=\"1578\" data-end=\"1608\">\n<li data-start=\"1578\" data-end=\"1593\">\n<h5 style=\"direction: rtl;\" data-start=\"1580\" data-end=\"1593\">1 \u0635\u0646\u062f\u0648\u0642 \u0643\u0627\u0634<\/h5>\n<\/li>\n<li data-start=\"1596\" data-end=\"1608\">\n<h5 style=\"direction: rtl;\" data-start=\"1598\" data-end=\"1608\">2 \u0645\u0641\u0627\u062a\u064a\u062d<\/h5>\n<\/li>\n<\/ul>\n<\/li>\n<li data-start=\"1609\" data-end=\"1630\">\n<h4 style=\"text-align: right;\" data-start=\"1611\" data-end=\"1630\">\u0645\u064f\u063a\u0644\u0641 \u0628\u062a\u063a\u0644\u064a\u0641 \u0634\u0631\u0646\u0643<\/h4>\n<\/li>\n<\/ul>\n","protected":false},"excerpt":{"rendered":"<p>\u064a\u062a\u0645\u064a\u0632 \u0635\u0646\u062f\u0648\u0642 \u0643\u0627\u0634 \u0628\u062a\u0635\u0645\u064a\u0645 \u0645\u062a\u064a\u0646 \u0648\u0622\u0645\u0646 \u0644\u062d\u0641\u0638 \u0627\u0644\u0646\u0642\u0648\u062f \u0648\u0627\u0644\u0639\u0645\u0644\u0627\u062a \u0648\u0627\u0644\u0634\u064a\u0643\u0627\u062a \u0648\u0627\u0644\u0623\u063a\u0631\u0627\u0636 \u0627\u0644\u0635\u063a\u064a\u0631\u0629 \u0627\u0644\u0642\u064a\u0651\u0645\u0629. \u0645\u0635\u0646\u0648\u0639 \u0645\u0646 \u0635\u0641\u064a\u062d \u0645\u0645\u062a\u062f \u0628\u0633\u0645\u0627\u0643\u0629 0.7\u0645\u0645\u060c \u0648\u064a\u062d\u062a\u0648\u064a<\/p>\n","protected":false},"featured_media":58832,"template":"","meta":[],"product_brand":[],"product_cat":[265,281],"product_tag":[],"class_list":{"0":"post-58834","1":"product","2":"type-product","3":"status-publish","4":"has-post-thumbnail","6":"product_cat-safes-ar","7":"product_cat-storage-solutions-ar","8":"pa_module-number-jdqqx2h04","10":"first","11":"instock","12":"shipping-taxable","13":"purchasable","14":"product-type-simple"},"_links":{"self":[{"href":"https:\/\/bashitihardware.com\/ar\/wp-json\/wp\/v2\/product\/58834","targetHints":{"allow":["GET"]}}],"collection":[{"href":"https:\/\/bashitihardware.com\/ar\/wp-json\/wp\/v2\/product"}],"about":[{"href":"https:\/\/bashitihardware.com\/ar\/wp-json\/wp\/v2\/types\/product"}],"version-history":[{"count":3,"href":"https:\/\/bashitihardware.com\/ar\/wp-json\/wp\/v2\/product\/58834\/revisions"}],"predecessor-version":[{"id":58837,"href":"https:\/\/bashitihardware.com\/ar\/wp-json\/wp\/v2\/product\/58834\/revisions\/58837"}],"wp:featuredmedia":[{"embeddable":true,"href":"https:\/\/bashitihardware.com\/ar\/wp-json\/wp\/v2\/media\/58832"}],"wp:attachment":[{"href":"https:\/\/bashitihardware.com\/ar\/wp-json\/wp\/v2\/media?parent=58834"}],"wp:term":[{"taxonomy":"product_brand","embeddable":true,"href":"https:\/\/bashitihardware.com\/ar\/wp-json\/wp\/v2\/product_brand?post=58834"},{"taxonomy":"product_cat","embeddable":true,"href":"https:\/\/bashitihardware.com\/ar\/wp-json\/wp\/v2\/product_cat?post=58834"},{"taxonomy":"product_tag","embeddable":true,"href":"https:\/\/bashitihardware.com\/ar\/wp-json\/wp\/v2\/product_tag?post=58834"}],"curies":[{"name":"wp","href":"https:\/\/api.w.org\/{rel}","templated":true}]}}