{"id":58842,"date":"2025-11-19T14:34:03","date_gmt":"2025-11-19T14:34:03","guid":{"rendered":"https:\/\/bashitihardware.com\/product\/jadever-key-cabinet-48-key-capacity-25x18x7-5cm-0-7mm-steel-wall-floor-mount-jdysx1h02\/"},"modified":"2026-01-25T09:55:14","modified_gmt":"2026-01-25T09:55:14","slug":"%d8%ae%d8%b2%d8%a7%d9%86%d8%a9-%d9%85%d9%81%d8%a7%d8%aa%d9%8a%d8%ad-%d8%b3%d8%b9%d8%a9-48-%d9%85%d9%81%d8%aa%d8%a7%d8%ad%d8%8c-%d9%85%d9%82%d8%a7%d8%b3-25x18x7-5%d8%b3%d9%85%d8%8c","status":"publish","type":"product","link":"https:\/\/bashitihardware.com\/ar\/product\/%d8%ae%d8%b2%d8%a7%d9%86%d8%a9-%d9%85%d9%81%d8%a7%d8%aa%d9%8a%d8%ad-%d8%b3%d8%b9%d8%a9-48-%d9%85%d9%81%d8%aa%d8%a7%d8%ad%d8%8c-%d9%85%d9%82%d8%a7%d8%b3-25x18x7-5%d8%b3%d9%85%d8%8c\/","title":{"rendered":"\u062e\u0632\u0627\u0646\u0629 \u0645\u0641\u0627\u062a\u064a\u062d \u2013 \u0633\u0639\u0629 48 \u0645\u0641\u062a\u0627\u062d\u060c \u0645\u0642\u0627\u0633 25\u00d718\u00d77.5\u0633\u0645\u060c \u0635\u0641\u064a\u062d 0.7\u0645\u0645\u060c \u062a\u062b\u0628\u064a\u062a \u062c\u062f\u0627\u0631\u064a \u0623\u0648 \u0623\u0631\u0636\u064a \u0645\u0646 \u062c\u0627\u062f\u0627\u064a\u0641\u0631 (JDYSX1H02)"},"content":{"rendered":"<h3 style=\"text-align: right;\" data-start=\"1153\" data-end=\"1426\">\u062a\u0648\u0641\u0651\u0631 <strong data-start=\"1181\" data-end=\"1199\">\u062e\u0632\u0627\u0646\u0629 \u0645\u0641\u0627\u062a\u064a\u062d<\/strong> \u0648\u0633\u064a\u0644\u0629 \u0622\u0645\u0646\u0629 \u0648\u0645\u0646\u0638\u0645\u0629 \u0644\u062d\u0641\u0638 \u062d\u062a\u0649 48 \u0645\u0641\u062a\u0627\u062d\u0627\u064b\u060c \u0645\u0645\u0627 \u064a\u062c\u0639\u0644\u0647\u0627 \u0645\u062b\u0627\u0644\u064a\u0629 \u0644\u0644\u0645\u0643\u0627\u062a\u0628 \u0648\u0627\u0644\u0645\u062d\u0644\u0627\u062a \u0648\u0627\u0644\u0645\u0633\u062a\u0648\u062f\u0639\u0627\u062a \u0648\u0627\u0644\u0645\u0646\u0627\u0632\u0644. \u0645\u0635\u0646\u0648\u0639\u0629 \u0645\u0646 \u0635\u0641\u064a\u062d \u0645\u0645\u062a\u062f \u0628\u0633\u0645\u0627\u0643\u0629 0.7\u0645\u0645 \u0644\u0636\u0645\u0627\u0646 \u0627\u0644\u0645\u062a\u0627\u0646\u0629\u060c \u0648\u064a\u0645\u0643\u0646 \u062a\u062b\u0628\u064a\u062a\u0647\u0627 \u0639\u0644\u0649 \u0627\u0644\u062c\u062f\u0627\u0631 \u0623\u0648 \u0627\u0644\u0623\u0631\u0636\u060c \u0648\u062a\u0623\u062a\u064a \u0645\u0632\u0648\u0651\u062f\u0629 \u0628\u0643\u0644 \u0627\u0644\u0625\u0643\u0633\u0633\u0648\u0627\u0631\u0627\u062a \u0627\u0644\u0644\u0627\u0632\u0645\u0629 \u0644\u0644\u062a\u0646\u0638\u064a\u0645.<\/h3>\n<ul data-start=\"1428\" data-end=\"1779\">\n<li style=\"text-align: right;\" data-start=\"1428\" data-end=\"1447\">\n<h4 style=\"direction: rtl;\" data-start=\"1430\" data-end=\"1447\">\u0627\u0644\u0633\u0639\u0629: 48 \u0645\u0641\u062a\u0627\u062d<\/h4>\n<\/li>\n<li style=\"text-align: right;\" data-start=\"1448\" data-end=\"1522\">\n<h4 style=\"direction: rtl;\" data-start=\"1450\" data-end=\"1522\">\u0627\u0644\u0623\u0628\u0639\u0627\u062f \u0627\u0644\u062e\u0627\u0631\u062c\u064a\u0629 (\u0627\u0631\u062a\u0641\u0627\u0639 \u00d7 \u0639\u0631\u0636 \u00d7 \u0639\u0645\u0642): 10&#8243; \u00d7 7&#8243; \u00d7 3&#8243; (25 \u00d7 18 \u00d7 7.5\u0633\u0645)<\/h4>\n<\/li>\n<li style=\"text-align: right;\" data-start=\"1523\" data-end=\"1556\">\n<h4 style=\"direction: rtl;\" data-start=\"1525\" data-end=\"1556\">\u0627\u0644\u0645\u0627\u062f\u0629: \u0635\u0641\u064a\u062d \u0645\u0645\u062a\u062f \u0633\u0645\u0627\u0643\u0629 0.7\u0645\u0645<\/h4>\n<\/li>\n<li style=\"text-align: right;\" data-start=\"1557\" data-end=\"1602\">\n<h4 style=\"direction: rtl;\" data-start=\"1559\" data-end=\"1602\">\u0627\u0644\u062a\u062b\u0628\u064a\u062a: \u064a\u0645\u0643\u0646 \u062a\u062b\u0628\u064a\u062a\u0647\u0627 \u0639\u0644\u0649 \u0627\u0644\u062c\u062f\u0627\u0631 \u0623\u0648 \u0627\u0644\u0623\u0631\u0636<\/h4>\n<\/li>\n<li style=\"text-align: right;\" data-start=\"1603\" data-end=\"1626\">\n<h4 style=\"direction: rtl;\" data-start=\"1605\" data-end=\"1626\">\u0627\u0644\u0648\u0632\u0646 \u0627\u0644\u0635\u0627\u0641\u064a: 1.5\u0643\u063a<\/h4>\n<\/li>\n<li style=\"text-align: right;\" data-start=\"1627\" data-end=\"1642\">\n<h4 style=\"direction: rtl;\" data-start=\"1629\" data-end=\"1642\">\u0627\u0644\u0633\u0639\u0629: 3\u0644\u062a\u0631<\/h4>\n<\/li>\n<li style=\"text-align: right;\" data-start=\"1643\" data-end=\"1756\">\n<h4 style=\"direction: rtl;\" data-start=\"1645\" data-end=\"1657\">\u062a\u062d\u062a\u0648\u064a \u0639\u0644\u0649:<\/h4>\n<ul data-start=\"1660\" data-end=\"1756\">\n<li data-start=\"1660\" data-end=\"1678\">\n<h5 style=\"direction: rtl;\" data-start=\"1662\" data-end=\"1678\">1 \u062e\u0632\u0627\u0646\u0629 \u0645\u0641\u0627\u062a\u064a\u062d<\/h5>\n<\/li>\n<li data-start=\"1681\" data-end=\"1693\">\n<h5 style=\"direction: rtl;\" data-start=\"1683\" data-end=\"1693\">2 \u0645\u0641\u0627\u062a\u064a\u062d<\/h5>\n<\/li>\n<li data-start=\"1696\" data-end=\"1713\">\n<h5 style=\"direction: rtl;\" data-start=\"1698\" data-end=\"1713\">2 \u0628\u0631\u0627\u063a\u064a \u062a\u062b\u0628\u064a\u062a<\/h5>\n<\/li>\n<li data-start=\"1716\" data-end=\"1737\">\n<h5 style=\"direction: rtl;\" data-start=\"1718\" data-end=\"1737\">48 \u0645\u064a\u062f\u0627\u0644\u064a\u0629 \u0645\u0641\u0627\u062a\u064a\u062d<\/h5>\n<\/li>\n<li data-start=\"1740\" data-end=\"1756\">\n<h5 style=\"direction: rtl;\" data-start=\"1742\" data-end=\"1756\">1 \u0648\u0631\u0642\u0629 \u062a\u0631\u0642\u064a\u0645<\/h5>\n<\/li>\n<\/ul>\n<\/li>\n<li data-start=\"1757\" data-end=\"1779\">\n<h4 style=\"text-align: right;\" data-start=\"1759\" data-end=\"1779\">\u0645\u064f\u063a\u0644\u0641\u0629 \u0628\u062a\u063a\u0644\u064a\u0641 \u0634\u0631\u0646\u0643<\/h4>\n<\/li>\n<\/ul>\n","protected":false},"excerpt":{"rendered":"<p>\u062a\u0648\u0641\u0651\u0631 \u062e\u0632\u0627\u0646\u0629 \u0645\u0641\u0627\u062a\u064a\u062d \u0648\u0633\u064a\u0644\u0629 \u0622\u0645\u0646\u0629 \u0648\u0645\u0646\u0638\u0645\u0629 \u0644\u062d\u0641\u0638 \u062d\u062a\u0649 48 \u0645\u0641\u062a\u0627\u062d\u0627\u064b\u060c \u0645\u0645\u0627 \u064a\u062c\u0639\u0644\u0647\u0627 \u0645\u062b\u0627\u0644\u064a\u0629 \u0644\u0644\u0645\u0643\u0627\u062a\u0628 \u0648\u0627\u0644\u0645\u062d\u0644\u0627\u062a \u0648\u0627\u0644\u0645\u0633\u062a\u0648\u062f\u0639\u0627\u062a \u0648\u0627\u0644\u0645\u0646\u0627\u0632\u0644. \u0645\u0635\u0646\u0648\u0639\u0629 \u0645\u0646 \u0635\u0641\u064a\u062d<\/p>\n","protected":false},"featured_media":58840,"template":"","meta":[],"product_brand":[],"product_cat":[265],"product_tag":[],"class_list":{"0":"post-58842","1":"product","2":"type-product","3":"status-publish","4":"has-post-thumbnail","6":"product_cat-safes-ar","7":"pa_module-number-jdysx1h02","9":"first","10":"instock","11":"shipping-taxable","12":"purchasable","13":"product-type-simple"},"_links":{"self":[{"href":"https:\/\/bashitihardware.com\/ar\/wp-json\/wp\/v2\/product\/58842","targetHints":{"allow":["GET"]}}],"collection":[{"href":"https:\/\/bashitihardware.com\/ar\/wp-json\/wp\/v2\/product"}],"about":[{"href":"https:\/\/bashitihardware.com\/ar\/wp-json\/wp\/v2\/types\/product"}],"version-history":[{"count":3,"href":"https:\/\/bashitihardware.com\/ar\/wp-json\/wp\/v2\/product\/58842\/revisions"}],"predecessor-version":[{"id":58845,"href":"https:\/\/bashitihardware.com\/ar\/wp-json\/wp\/v2\/product\/58842\/revisions\/58845"}],"wp:featuredmedia":[{"embeddable":true,"href":"https:\/\/bashitihardware.com\/ar\/wp-json\/wp\/v2\/media\/58840"}],"wp:attachment":[{"href":"https:\/\/bashitihardware.com\/ar\/wp-json\/wp\/v2\/media?parent=58842"}],"wp:term":[{"taxonomy":"product_brand","embeddable":true,"href":"https:\/\/bashitihardware.com\/ar\/wp-json\/wp\/v2\/product_brand?post=58842"},{"taxonomy":"product_cat","embeddable":true,"href":"https:\/\/bashitihardware.com\/ar\/wp-json\/wp\/v2\/product_cat?post=58842"},{"taxonomy":"product_tag","embeddable":true,"href":"https:\/\/bashitihardware.com\/ar\/wp-json\/wp\/v2\/product_tag?post=58842"}],"curies":[{"name":"wp","href":"https:\/\/api.w.org\/{rel}","templated":true}]}}