{"id":58851,"date":"2025-11-19T14:47:39","date_gmt":"2025-11-19T14:47:39","guid":{"rendered":"https:\/\/bashitihardware.com\/product\/jadever-key-cabinet-80-key-capacity-30x24x7-5cm-0-7mm-steel-wall-floor-mount-jdysx1h03\/"},"modified":"2025-11-19T14:53:24","modified_gmt":"2025-11-19T14:53:24","slug":"%d8%ae%d8%b2%d8%a7%d9%86%d8%a9-%d9%85%d9%81%d8%a7%d8%aa%d9%8a%d8%ad-%d8%b3%d8%b9%d8%a9-80-%d9%85%d9%81%d8%aa%d8%a7%d8%ad%d8%8c-%d9%85%d9%82%d8%a7%d8%b3-30x24x7-5%d8%b3%d9%85%d8%8c","status":"publish","type":"product","link":"https:\/\/bashitihardware.com\/ar\/product\/%d8%ae%d8%b2%d8%a7%d9%86%d8%a9-%d9%85%d9%81%d8%a7%d8%aa%d9%8a%d8%ad-%d8%b3%d8%b9%d8%a9-80-%d9%85%d9%81%d8%aa%d8%a7%d8%ad%d8%8c-%d9%85%d9%82%d8%a7%d8%b3-30x24x7-5%d8%b3%d9%85%d8%8c\/","title":{"rendered":"\u062e\u0632\u0627\u0646\u0629 \u0645\u0641\u0627\u062a\u064a\u062d \u2013 \u0633\u0639\u0629 80 \u0645\u0641\u062a\u0627\u062d\u060c \u0645\u0642\u0627\u0633 30\u00d724\u00d77.5\u0633\u0645\u060c \u0635\u0641\u064a\u062d 0.7\u0645\u0645\u060c \u062a\u062b\u0628\u064a\u062a \u062c\u062f\u0627\u0631\u064a \u0623\u0648 \u0623\u0631\u0636\u064a \u0645\u0646 \u062c\u0627\u062f\u0627\u064a\u0641\u0631 (JDYSX1H03)"},"content":{"rendered":"<h3 style=\"text-align: right;\" data-start=\"1198\" data-end=\"1493\">\u062a\u0642\u062f\u0651\u0645 <strong data-start=\"1226\" data-end=\"1244\">\u062e\u0632\u0627\u0646\u0629 \u0645\u0641\u0627\u062a\u064a\u062d<\/strong> \u062d\u0644\u0627\u064b \u0622\u0645\u0646\u0627\u064b \u0648\u0645\u0631\u062a\u0628\u0627\u064b \u0644\u062d\u0641\u0638 \u062d\u062a\u0649 80 \u0645\u0641\u062a\u0627\u062d\u0627\u064b\u060c \u0645\u0645\u0627 \u064a\u062c\u0639\u0644\u0647\u0627 \u0645\u062b\u0627\u0644\u064a\u0629 \u0644\u0644\u0645\u0643\u0627\u062a\u0628 \u0648\u0627\u0644\u0645\u062d\u0644\u0627\u062a \u0648\u0627\u0644\u0645\u0633\u062a\u0648\u062f\u0639\u0627\u062a \u0648\u0627\u0644\u0645\u0628\u0627\u0646\u064a \u0627\u0644\u0633\u0643\u0646\u064a\u0629. \u0645\u0635\u0646\u0648\u0639\u0629 \u0645\u0646 \u0635\u0641\u064a\u062d \u0645\u0645\u062a\u062f \u0628\u0633\u0645\u0627\u0643\u0629 0.7\u0645\u0645 \u0644\u0636\u0645\u0627\u0646 \u0627\u0644\u0645\u062a\u0627\u0646\u0629\u060c \u0648\u064a\u0645\u0643\u0646 \u062a\u062b\u0628\u064a\u062a\u0647\u0627 \u0639\u0644\u0649 \u0627\u0644\u062c\u062f\u0627\u0631 \u0623\u0648 \u0627\u0644\u0623\u0631\u0636 \u0628\u0633\u0647\u0648\u0644\u0629. \u062a\u0623\u062a\u064a \u0645\u0632\u0648\u0651\u062f\u0629 \u0628\u0645\u064a\u062f\u0627\u0644\u064a\u0627\u062a \u0645\u0641\u0627\u062a\u064a\u062d \u0648\u062a\u0631\u0642\u064a\u0645 \u0644\u062a\u0633\u0647\u064a\u0644 \u0627\u0644\u062a\u0646\u0638\u064a\u0645.<\/h3>\n<ul data-start=\"1495\" data-end=\"1831\">\n<li style=\"text-align: right;\" data-start=\"1495\" data-end=\"1514\">\n<h4 style=\"direction: rtl;\" data-start=\"1497\" data-end=\"1514\">\u0627\u0644\u0633\u0639\u0629: 80 \u0645\u0641\u062a\u0627\u062d<\/h4>\n<\/li>\n<li style=\"text-align: right;\" data-start=\"1515\" data-end=\"1591\">\n<h4 style=\"direction: rtl;\" data-start=\"1517\" data-end=\"1591\">\u0627\u0644\u0623\u0628\u0639\u0627\u062f \u0627\u0644\u062e\u0627\u0631\u062c\u064a\u0629 (\u0627\u0631\u062a\u0641\u0627\u0639 \u00d7 \u0639\u0631\u0636 \u00d7 \u0639\u0645\u0642): 12&#8243; \u00d7 9.5&#8243; \u00d7 3&#8243; (30 \u00d7 24 \u00d7 7.5\u0633\u0645)<\/h4>\n<\/li>\n<li style=\"text-align: right;\" data-start=\"1592\" data-end=\"1625\">\n<h4 style=\"direction: rtl;\" data-start=\"1594\" data-end=\"1625\">\u0627\u0644\u0645\u0627\u062f\u0629: \u0635\u0641\u064a\u062d \u0645\u0645\u062a\u062f \u0633\u0645\u0627\u0643\u0629 0.7\u0645\u0645<\/h4>\n<\/li>\n<li style=\"text-align: right;\" data-start=\"1626\" data-end=\"1652\">\n<h4 style=\"direction: rtl;\" data-start=\"1628\" data-end=\"1652\">\u0627\u0644\u062a\u062b\u0628\u064a\u062a: \u062c\u062f\u0627\u0631\u064a \u0623\u0648 \u0623\u0631\u0636\u064a<\/h4>\n<\/li>\n<li style=\"text-align: right;\" data-start=\"1653\" data-end=\"1676\">\n<h4 style=\"direction: rtl;\" data-start=\"1655\" data-end=\"1676\">\u0627\u0644\u0648\u0632\u0646 \u0627\u0644\u0635\u0627\u0641\u064a: 2.1\u0643\u063a<\/h4>\n<\/li>\n<li style=\"text-align: right;\" data-start=\"1677\" data-end=\"1694\">\n<h4 style=\"direction: rtl;\" data-start=\"1679\" data-end=\"1694\">\u0627\u0644\u0633\u0639\u0629: 5.4\u0644\u062a\u0631<\/h4>\n<\/li>\n<li style=\"text-align: right;\" data-start=\"1695\" data-end=\"1808\">\n<h4 style=\"direction: rtl;\" data-start=\"1697\" data-end=\"1709\">\u062a\u062d\u062a\u0648\u064a \u0639\u0644\u0649:<\/h4>\n<ul data-start=\"1712\" data-end=\"1808\">\n<li data-start=\"1712\" data-end=\"1730\">\n<h5 style=\"direction: rtl;\" data-start=\"1714\" data-end=\"1730\">1 \u062e\u0632\u0627\u0646\u0629 \u0645\u0641\u0627\u062a\u064a\u062d<\/h5>\n<\/li>\n<li data-start=\"1733\" data-end=\"1745\">\n<h5 style=\"direction: rtl;\" data-start=\"1735\" data-end=\"1745\">2 \u0645\u0641\u0627\u062a\u064a\u062d<\/h5>\n<\/li>\n<li data-start=\"1748\" data-end=\"1765\">\n<h5 style=\"direction: rtl;\" data-start=\"1750\" data-end=\"1765\">2 \u0628\u0631\u0627\u063a\u064a \u062a\u062b\u0628\u064a\u062a<\/h5>\n<\/li>\n<li data-start=\"1768\" data-end=\"1789\">\n<h5 style=\"direction: rtl;\" data-start=\"1770\" data-end=\"1789\">80 \u0645\u064a\u062f\u0627\u0644\u064a\u0629 \u0645\u0641\u0627\u062a\u064a\u062d<\/h5>\n<\/li>\n<li data-start=\"1792\" data-end=\"1808\">\n<h5 style=\"direction: rtl;\" data-start=\"1794\" data-end=\"1808\">1 \u0648\u0631\u0642\u0629 \u062a\u0631\u0642\u064a\u0645<\/h5>\n<\/li>\n<\/ul>\n<\/li>\n<li data-start=\"1809\" data-end=\"1831\">\n<h4 style=\"text-align: right;\" data-start=\"1811\" data-end=\"1831\">\u0645\u064f\u063a\u0644\u0641\u0629 \u0628\u062a\u063a\u0644\u064a\u0641 \u0634\u0631\u0646\u0643<\/h4>\n<\/li>\n<\/ul>\n","protected":false},"excerpt":{"rendered":"<p>\u062a\u0642\u062f\u0651\u0645 \u062e\u0632\u0627\u0646\u0629 \u0645\u0641\u0627\u062a\u064a\u062d \u062d\u0644\u0627\u064b \u0622\u0645\u0646\u0627\u064b \u0648\u0645\u0631\u062a\u0628\u0627\u064b \u0644\u062d\u0641\u0638 \u062d\u062a\u0649 80 \u0645\u0641\u062a\u0627\u062d\u0627\u064b\u060c \u0645\u0645\u0627 \u064a\u062c\u0639\u0644\u0647\u0627 \u0645\u062b\u0627\u0644\u064a\u0629 \u0644\u0644\u0645\u0643\u0627\u062a\u0628 \u0648\u0627\u0644\u0645\u062d\u0644\u0627\u062a \u0648\u0627\u0644\u0645\u0633\u062a\u0648\u062f\u0639\u0627\u062a \u0648\u0627\u0644\u0645\u0628\u0627\u0646\u064a \u0627\u0644\u0633\u0643\u0646\u064a\u0629. \u0645\u0635\u0646\u0648\u0639\u0629 \u0645\u0646<\/p>\n","protected":false},"featured_media":58848,"template":"","meta":[],"product_brand":[],"product_cat":[265],"product_tag":[],"class_list":{"0":"post-58851","1":"product","2":"type-product","3":"status-publish","4":"has-post-thumbnail","6":"product_cat-safes-ar","7":"pa_module-number-jdysx1h03","9":"first","10":"instock","11":"shipping-taxable","12":"purchasable","13":"product-type-simple"},"_links":{"self":[{"href":"https:\/\/bashitihardware.com\/ar\/wp-json\/wp\/v2\/product\/58851","targetHints":{"allow":["GET"]}}],"collection":[{"href":"https:\/\/bashitihardware.com\/ar\/wp-json\/wp\/v2\/product"}],"about":[{"href":"https:\/\/bashitihardware.com\/ar\/wp-json\/wp\/v2\/types\/product"}],"version-history":[{"count":3,"href":"https:\/\/bashitihardware.com\/ar\/wp-json\/wp\/v2\/product\/58851\/revisions"}],"predecessor-version":[{"id":58854,"href":"https:\/\/bashitihardware.com\/ar\/wp-json\/wp\/v2\/product\/58851\/revisions\/58854"}],"wp:featuredmedia":[{"embeddable":true,"href":"https:\/\/bashitihardware.com\/ar\/wp-json\/wp\/v2\/media\/58848"}],"wp:attachment":[{"href":"https:\/\/bashitihardware.com\/ar\/wp-json\/wp\/v2\/media?parent=58851"}],"wp:term":[{"taxonomy":"product_brand","embeddable":true,"href":"https:\/\/bashitihardware.com\/ar\/wp-json\/wp\/v2\/product_brand?post=58851"},{"taxonomy":"product_cat","embeddable":true,"href":"https:\/\/bashitihardware.com\/ar\/wp-json\/wp\/v2\/product_cat?post=58851"},{"taxonomy":"product_tag","embeddable":true,"href":"https:\/\/bashitihardware.com\/ar\/wp-json\/wp\/v2\/product_tag?post=58851"}],"curies":[{"name":"wp","href":"https:\/\/api.w.org\/{rel}","templated":true}]}}