{"id":64017,"date":"2026-05-13T16:13:38","date_gmt":"2026-05-13T16:13:38","guid":{"rendered":"https:\/\/bashitihardware.com\/product\/total-heavy-duty-wheelbarrow-160kg-solid-wheel-construction-cart-thtwb418gd\/"},"modified":"2026-05-13T16:17:42","modified_gmt":"2026-05-13T16:17:42","slug":"%d8%b9%d8%b1%d8%a8%d8%a7%d9%8a%d8%a9-%d8%a8%d8%a7%d8%b7%d9%88%d9%86-160-%d9%83%d8%ba%d9%85-%d8%af%d9%88%d9%84%d8%a7%d8%a8-%d8%b5%d9%84%d8%a8-%d9%84%d9%84%d8%a3%d8%b9%d9%85%d8%a7%d9%84-%d8%a7","status":"publish","type":"product","link":"https:\/\/bashitihardware.com\/ar\/product\/%d8%b9%d8%b1%d8%a8%d8%a7%d9%8a%d8%a9-%d8%a8%d8%a7%d8%b7%d9%88%d9%86-160-%d9%83%d8%ba%d9%85-%d8%af%d9%88%d9%84%d8%a7%d8%a8-%d8%b5%d9%84%d8%a8-%d9%84%d9%84%d8%a3%d8%b9%d9%85%d8%a7%d9%84-%d8%a7\/","title":{"rendered":"\u0639\u0631\u0628\u0627\u064a\u0629 \u0628\u0627\u0637\u0648\u0646 160 \u0643\u063a\u0645 \u2013 \u062f\u0648\u0644\u0627\u0628 \u0635\u0644\u0628 \u0644\u0644\u0623\u0639\u0645\u0627\u0644 \u0627\u0644\u062b\u0642\u064a\u0644\u0629 \u0645\u0646 \u062a\u0648\u062a\u0627\u0644 (THTWB418GD)"},"content":{"rendered":"<h3 style=\"text-align: right;\" data-start=\"1184\" data-end=\"1495\">\u062a\u064f\u0639\u062f <strong data-start=\"1213\" data-end=\"1236\">\u0639\u0631\u0628\u0627\u064a\u0629 \u0628\u0627\u0637\u0648\u0646 160 \u0643\u063a\u0645<\/strong> \u062e\u064a\u0627\u0631\u064b\u0627 \u0642\u0648\u064a\u064b\u0627 \u0648\u0645\u062a\u064a\u0646\u064b\u0627 \u0644\u0646\u0642\u0644 \u0645\u0648\u0627\u062f \u0627\u0644\u0628\u0646\u0627\u0621 \u0648\u0627\u0644\u0631\u0645\u0644 \u0648\u0627\u0644\u0645\u064a\u0627\u0647 \u0648\u0627\u0644\u0623\u0639\u0645\u0627\u0644 \u0627\u0644\u0632\u0631\u0627\u0639\u064a\u0629 \u0628\u0633\u0647\u0648\u0644\u0629. \u062a\u062a\u0645\u064a\u0632 \u0628\u062d\u0648\u0636 \u0628\u0633\u0645\u0627\u0643\u0629 <strong data-start=\"1334\" data-end=\"1345\">1.0 \u0645\u0644\u0645<\/strong> \u0648\u0647\u064a\u0643\u0644 \u0642\u0648\u064a \u0644\u062a\u062d\u0645\u0644 \u0627\u0644\u0627\u0633\u062a\u062e\u062f\u0627\u0645 \u0627\u0644\u0634\u0627\u0642. \u064a\u062d\u062a\u0648\u064a \u0627\u0644\u062f\u0648\u0644\u0627\u0628 \u0627\u0644\u0635\u0644\u0628 <strong data-start=\"1399\" data-end=\"1418\">16 \u0625\u0646\u0634 \u0645\u0639 \u0628\u064a\u0631\u0646\u062c<\/strong> \u0639\u0644\u0649 \u062d\u0631\u0643\u0629 \u0633\u0644\u0633\u0629 \u0628\u062f\u0648\u0646 \u062e\u0648\u0641 \u0645\u0646 \u0627\u0644\u062a\u0646\u0641\u064a\u0633\u060c \u0645\u0639 \u0645\u0642\u0627\u0628\u0636 \u0645\u0631\u064a\u062d\u0629 \u0644\u0633\u0647\u0648\u0644\u0629 \u0627\u0644\u062a\u062d\u0643\u0645 \u0623\u062b\u0646\u0627\u0621 \u0627\u0644\u0639\u0645\u0644.<\/h3>\n<ul data-start=\"1497\" data-end=\"1898\">\n<li style=\"text-align: right;\" data-start=\"1497\" data-end=\"1521\">\n<h4 style=\"direction: rtl;\">\u0642\u062f\u0631\u0629 \u0627\u0644\u062a\u062d\u0645\u064a\u0644: 160 \u0643\u063a\u0645<\/h4>\n<\/li>\n<li style=\"text-align: right;\" data-start=\"1522\" data-end=\"1544\">\n<h4 style=\"direction: rtl;\">\u0633\u0639\u0629 \u0627\u0644\u0645\u064a\u0627\u0647: 90 \u0644\u062a\u0631<\/h4>\n<\/li>\n<li style=\"text-align: right;\" data-start=\"1545\" data-end=\"1565\">\n<h4 style=\"direction: rtl;\">\u0633\u0639\u0629 \u0627\u0644\u0631\u0645\u0644: 6 CBF<\/h4>\n<\/li>\n<li style=\"text-align: right;\" data-start=\"1566\" data-end=\"1589\">\n<h4 style=\"direction: rtl;\">\u0627\u0644\u0648\u0632\u0646 \u0627\u0644\u0635\u0627\u0641\u064a: 18 \u0643\u063a\u0645<\/h4>\n<\/li>\n<li style=\"text-align: right;\" data-start=\"1590\" data-end=\"1636\">\n<h4 style=\"direction: rtl;\">\u0645\u0642\u0627\u0633 \u0627\u0644\u062f\u0648\u0644\u0627\u0628: 16 \u00d7 4.00-8 \u0625\u0646\u0634 \u0635\u0644\u0628 \u0645\u0639 \u0628\u064a\u0631\u0646\u062c<\/h4>\n<\/li>\n<li style=\"text-align: right;\" data-start=\"1637\" data-end=\"1662\">\n<h4 style=\"direction: rtl;\">\u062f\u0648\u0644\u0627\u0628 \u0635\u0644\u0628 \u0645\u0642\u0627\u0648\u0645 \u0644\u0644\u062a\u0644\u0641<\/h4>\n<\/li>\n<li style=\"text-align: right;\" data-start=\"1663\" data-end=\"1690\">\n<h4 style=\"direction: rtl;\">\u0645\u0642\u0628\u0636 \u0645\u0631\u064a\u062d \u062b\u0644\u0627\u062b\u064a \u0627\u0644\u0623\u0644\u0648\u0627\u0646<\/h4>\n<\/li>\n<li style=\"text-align: right;\" data-start=\"1691\" data-end=\"1715\">\n<h4 style=\"direction: rtl;\">\u0633\u0645\u0627\u0643\u0629 \u0627\u0644\u062d\u0648\u0636: 1.0 \u0645\u0644\u0645<\/h4>\n<\/li>\n<li style=\"text-align: right;\" data-start=\"1716\" data-end=\"1745\">\n<h4 style=\"direction: rtl;\">\u0645\u0642\u0627\u0633 \u0627\u0644\u0645\u0642\u0628\u0636: 1.5 \u00d7 32 \u0645\u0644\u0645<\/h4>\n<\/li>\n<li style=\"text-align: right;\" data-start=\"1746\" data-end=\"1775\">\n<h4 style=\"direction: rtl;\">\u0645\u0642\u0627\u0633 \u0627\u0644\u0623\u0631\u062c\u0644: 1.2 \u00d7 28 \u0645\u0644\u0645<\/h4>\n<\/li>\n<li style=\"text-align: right;\" data-start=\"1776\" data-end=\"1831\">\n<h4 style=\"direction: rtl;\">\u0627\u0644\u0623\u0628\u0639\u0627\u062f:<\/h4>\n<h5 style=\"direction: rtl;\">1430 \u00d7 640 \u00d7 625 \u00d7 880 \u00d7 600 \u00d7 277 \u0645\u0644\u0645<\/h5>\n<\/li>\n<li style=\"text-align: right;\" data-start=\"1832\" data-end=\"1874\">\n<h4 style=\"direction: rtl;\">\u0645\u0646\u0627\u0633\u0628\u0629 \u0644\u0623\u0639\u0645\u0627\u0644 \u0627\u0644\u0628\u0646\u0627\u0621 \u0648\u0627\u0644\u0632\u0631\u0627\u0639\u0629 \u0648\u0627\u0644\u062d\u062f\u0627\u0626\u0642<\/h4>\n<\/li>\n<li data-start=\"1875\" data-end=\"1898\">\n<h4 style=\"text-align: right;\">\u0627\u0644\u062a\u0639\u0628\u0626\u0629: \u062a\u062c\u0645\u064a\u0639 \u0639\u0627\u062f\u064a<\/h4>\n<\/li>\n<\/ul>\n","protected":false},"excerpt":{"rendered":"<p>\u062a\u064f\u0639\u062f \u0639\u0631\u0628\u0627\u064a\u0629 \u0628\u0627\u0637\u0648\u0646 160 \u0643\u063a\u0645 \u062e\u064a\u0627\u0631\u064b\u0627 \u0642\u0648\u064a\u064b\u0627 \u0648\u0645\u062a\u064a\u0646\u064b\u0627 \u0644\u0646\u0642\u0644 \u0645\u0648\u0627\u062f \u0627\u0644\u0628\u0646\u0627\u0621 \u0648\u0627\u0644\u0631\u0645\u0644 \u0648\u0627\u0644\u0645\u064a\u0627\u0647 \u0648\u0627\u0644\u0623\u0639\u0645\u0627\u0644 \u0627\u0644\u0632\u0631\u0627\u0639\u064a\u0629 \u0628\u0633\u0647\u0648\u0644\u0629. \u062a\u062a\u0645\u064a\u0632 \u0628\u062d\u0648\u0636 \u0628\u0633\u0645\u0627\u0643\u0629 1.0<\/p>\n","protected":false},"featured_media":64015,"template":"","meta":{"jetpack_publicize_message":"","jetpack_publicize_feature_enabled":true,"jetpack_social_post_already_shared":true,"jetpack_social_options":{"image_generator_settings":{"template":"highway","default_image_id":0,"font":"","enabled":false},"version":2}},"product_brand":[],"product_cat":[291,237,447,327],"product_tag":[],"class_list":{"0":"post-64017","1":"product","2":"type-product","3":"status-publish","4":"has-post-thumbnail","6":"product_cat-garden-tool-ar","7":"product_cat-garden-outdoor-ar","8":"product_cat-447","9":"product_cat-trolleys-ar","10":"pa_module-number-thtwb418gd","12":"first","13":"instock","14":"shipping-taxable","15":"purchasable","16":"product-type-simple"},"jetpack_publicize_connections":[],"jetpack_sharing_enabled":true,"_links":{"self":[{"href":"https:\/\/bashitihardware.com\/ar\/wp-json\/wp\/v2\/product\/64017","targetHints":{"allow":["GET"]}}],"collection":[{"href":"https:\/\/bashitihardware.com\/ar\/wp-json\/wp\/v2\/product"}],"about":[{"href":"https:\/\/bashitihardware.com\/ar\/wp-json\/wp\/v2\/types\/product"}],"version-history":[{"count":3,"href":"https:\/\/bashitihardware.com\/ar\/wp-json\/wp\/v2\/product\/64017\/revisions"}],"predecessor-version":[{"id":64020,"href":"https:\/\/bashitihardware.com\/ar\/wp-json\/wp\/v2\/product\/64017\/revisions\/64020"}],"wp:featuredmedia":[{"embeddable":true,"href":"https:\/\/bashitihardware.com\/ar\/wp-json\/wp\/v2\/media\/64015"}],"wp:attachment":[{"href":"https:\/\/bashitihardware.com\/ar\/wp-json\/wp\/v2\/media?parent=64017"}],"wp:term":[{"taxonomy":"product_brand","embeddable":true,"href":"https:\/\/bashitihardware.com\/ar\/wp-json\/wp\/v2\/product_brand?post=64017"},{"taxonomy":"product_cat","embeddable":true,"href":"https:\/\/bashitihardware.com\/ar\/wp-json\/wp\/v2\/product_cat?post=64017"},{"taxonomy":"product_tag","embeddable":true,"href":"https:\/\/bashitihardware.com\/ar\/wp-json\/wp\/v2\/product_tag?post=64017"}],"curies":[{"name":"wp","href":"https:\/\/api.w.org\/{rel}","templated":true}]}}